{"id":106,"date":"2014-10-08T16:18:00","date_gmt":"2014-10-08T14:18:00","guid":{"rendered":"http:\/\/www.fortensia.screem.net\/?page_id=106"},"modified":"2019-01-14T17:29:44","modified_gmt":"2019-01-14T16:29:44","slug":"soker-du-konsulter","status":"publish","type":"page","link":"https:\/\/www.fortensia.se\/?page_id=106","title":{"rendered":"S\u00f6ker du konsulter?"},"content":{"rendered":"<p><strong>Vi hj\u00e4lper dig som kund att hitta den konsult du beh\u00f6ver!<\/strong><br \/>\nVi har gjort ett urval av kompetenta konsulter som \u00e4r specialiserade inom sitt omr\u00e5de. Vi har n\u00e4ra samarbete med enmanskonsulter och f\u00e5mansbolag som vi har bed\u00f6mt har de b\u00e4sta konsulterna.<br \/>\nF\u00f6rutom teknisk\/verksamhetskompetens betonar vi vikten av v\u00e5ra konsulters sociala egenskaper. Att kommunicera och agera konsultm\u00e4ssigt ser vi som viktiga egenskaper f\u00f6r att n\u00e5 s\u00e5 goda resultat som m\u00f6jligt.<\/p>\n<p><strong>Vi leverera konsulter inom<\/strong><br \/>\nStyrning \u2013Projektledning\/Management ( Utvecklingsprojekt, Inf\u00f6randeprojekt, Aff\u00e4rssystemprojekt, Infrastruktur mm)<br \/>\nKravst\u00e4llning<br \/>\nSystemutveckling ( Arkitektur, Design, Programmering)<br \/>\nIT-Infrastruktur(Systemadministration Unix\/Linux , Windows, Storage, N\u00e4tverk mm)<br \/>\nVi har konsulter med erfarenhet inom de flesta metoder, programmeringsspr\u00e5k och verktyg.<\/p>\n<p>Vi vill att du som kund ska k\u00e4nna dig trygg n\u00e4r du anlitar Fortensia f\u00f6r konsultf\u00f6rmedling\/rekrytering<\/p>\n","protected":false},"excerpt":{"rendered":"<p>Vi hj\u00e4lper dig som kund att hitta den konsult du beh\u00f6ver! Vi har gjort ett urval av kompetenta konsulter som \u00e4r specialiserade inom sitt omr\u00e5de. Vi har n\u00e4ra samarbete med enmanskonsulter och f\u00e5mansbolag som vi har bed\u00f6mt har de b\u00e4sta konsulterna. F\u00f6rutom teknisk\/verksamhetskompetens betonar vi vikten av v\u00e5ra konsulters sociala egenskaper. Att kommunicera och agera [&hellip;]<\/p>\n","protected":false},"author":1,"featured_media":0,"parent":0,"menu_order":0,"comment_status":"open","ping_status":"open","template":"","meta":[],"_links":{"self":[{"href":"https:\/\/www.fortensia.se\/index.php?rest_route=\/wp\/v2\/pages\/106"}],"collection":[{"href":"https:\/\/www.fortensia.se\/index.php?rest_route=\/wp\/v2\/pages"}],"about":[{"href":"https:\/\/www.fortensia.se\/index.php?rest_route=\/wp\/v2\/types\/page"}],"author":[{"embeddable":true,"href":"https:\/\/www.fortensia.se\/index.php?rest_route=\/wp\/v2\/users\/1"}],"replies":[{"embeddable":true,"href":"https:\/\/www.fortensia.se\/index.php?rest_route=%2Fwp%2Fv2%2Fcomments&post=106"}],"version-history":[{"count":5,"href":"https:\/\/www.fortensia.se\/index.php?rest_route=\/wp\/v2\/pages\/106\/revisions"}],"predecessor-version":[{"id":155,"href":"https:\/\/www.fortensia.se\/index.php?rest_route=\/wp\/v2\/pages\/106\/revisions\/155"}],"wp:attachment":[{"href":"https:\/\/www.fortensia.se\/index.php?rest_route=%2Fwp%2Fv2%2Fmedia&parent=106"}],"curies":[{"name":"wp","href":"https:\/\/api.w.org\/{rel}","templated":true}]}}