{"id":2,"date":"2013-05-15T11:56:05","date_gmt":"2013-05-15T11:56:05","guid":{"rendered":"http:\/\/www.fortensia.screem.net\/?page_id=2"},"modified":"2022-05-17T08:49:39","modified_gmt":"2022-05-17T06:49:39","slug":"exempelsida","status":"publish","type":"page","link":"https:\/\/www.fortensia.se\/?page_id=2","title":{"rendered":"IT-KOMPETENS"},"content":{"rendered":"<p>V\u00e5r aff\u00e4rsid\u00e9 \u00e4r att f\u00f6rmedla tj\u00e4nster fr\u00e5n ett flertal mindre h\u00f6gkompetenta specialistbolag till v\u00e5ra kunder. Detta ger oss en m\u00f6jlighet att erbjuda b\u00e5de kvalitet och leveranskapacitet.<\/p>\n<p>V\u00e5r erfarenhet \u00e4r att det inom mindre bolag finns erfarna, kompetenta konsulter med l\u00e5ng teknisk bakgrund, stort applikationskunnande och gedigen verksamhetserfarenhet. Vi vill ge v\u00e5ra kunder tillg\u00e5ng till dessa kompetenser via en kontaktv\u00e4g.<\/p>\n<p><strong>Fortensia erbjuder sina kunder kompetens inom en m\u00e4ngd IT-relaterade omr\u00e5den.<\/strong><\/p>\n<p style=\"text-align: center;\"><img loading=\"lazy\" class=\"aligncenter wp-image-160 size-large\" src=\"http:\/\/www.fortensia.se\/wp-content\/uploads\/2022\/04\/fortensia-kompetens2.1-756x1024.png\" alt=\"\" width=\"756\" height=\"1024\" srcset=\"https:\/\/www.fortensia.se\/wp-content\/uploads\/2022\/04\/fortensia-kompetens2.1-756x1024.png 756w, https:\/\/www.fortensia.se\/wp-content\/uploads\/2022\/04\/fortensia-kompetens2.1-222x300.png 222w, https:\/\/www.fortensia.se\/wp-content\/uploads\/2022\/04\/fortensia-kompetens2.1-768x1040.png 768w, https:\/\/www.fortensia.se\/wp-content\/uploads\/2022\/04\/fortensia-kompetens2.1-1135x1536.png 1135w, https:\/\/www.fortensia.se\/wp-content\/uploads\/2022\/04\/fortensia-kompetens2.1-1513x2048.png 1513w, https:\/\/www.fortensia.se\/wp-content\/uploads\/2022\/04\/fortensia-kompetens2.1-259x350.png 259w, https:\/\/www.fortensia.se\/wp-content\/uploads\/2022\/04\/fortensia-kompetens2.1.png 1600w\" sizes=\"(max-width: 756px) 100vw, 756px\" \/><\/p>\n","protected":false},"excerpt":{"rendered":"<p>V\u00e5r aff\u00e4rsid\u00e9 \u00e4r att f\u00f6rmedla tj\u00e4nster fr\u00e5n ett flertal mindre h\u00f6gkompetenta specialistbolag till v\u00e5ra kunder. Detta ger oss en m\u00f6jlighet att erbjuda b\u00e5de kvalitet och leveranskapacitet. V\u00e5r erfarenhet \u00e4r att det inom mindre bolag finns erfarna, kompetenta konsulter med l\u00e5ng teknisk bakgrund, stort applikationskunnande och gedigen verksamhetserfarenhet. Vi vill ge v\u00e5ra kunder tillg\u00e5ng till dessa [&hellip;]<\/p>\n","protected":false},"author":1,"featured_media":165,"parent":0,"menu_order":0,"comment_status":"open","ping_status":"open","template":"","meta":[],"_links":{"self":[{"href":"https:\/\/www.fortensia.se\/index.php?rest_route=\/wp\/v2\/pages\/2"}],"collection":[{"href":"https:\/\/www.fortensia.se\/index.php?rest_route=\/wp\/v2\/pages"}],"about":[{"href":"https:\/\/www.fortensia.se\/index.php?rest_route=\/wp\/v2\/types\/page"}],"author":[{"embeddable":true,"href":"https:\/\/www.fortensia.se\/index.php?rest_route=\/wp\/v2\/users\/1"}],"replies":[{"embeddable":true,"href":"https:\/\/www.fortensia.se\/index.php?rest_route=%2Fwp%2Fv2%2Fcomments&post=2"}],"version-history":[{"count":11,"href":"https:\/\/www.fortensia.se\/index.php?rest_route=\/wp\/v2\/pages\/2\/revisions"}],"predecessor-version":[{"id":166,"href":"https:\/\/www.fortensia.se\/index.php?rest_route=\/wp\/v2\/pages\/2\/revisions\/166"}],"wp:featuredmedia":[{"embeddable":true,"href":"https:\/\/www.fortensia.se\/index.php?rest_route=\/wp\/v2\/media\/165"}],"wp:attachment":[{"href":"https:\/\/www.fortensia.se\/index.php?rest_route=%2Fwp%2Fv2%2Fmedia&parent=2"}],"curies":[{"name":"wp","href":"https:\/\/api.w.org\/{rel}","templated":true}]}}