{"id":51,"date":"2013-05-17T11:48:36","date_gmt":"2013-05-17T09:48:36","guid":{"rendered":"http:\/\/www.fortensia.screem.net\/?page_id=51"},"modified":"2015-10-20T12:08:19","modified_gmt":"2015-10-20T10:08:19","slug":"soker-du-jobb","status":"publish","type":"page","link":"https:\/\/www.fortensia.se\/?page_id=51","title":{"rendered":"S\u00f6ker du jobb?"},"content":{"rendered":"<p style=\"padding-bottom: 0px;\">V\u00e5r vision \u00e4r att skapa ett n\u00e4tverk av erfarna-, kompetenta- och sociala konsulter d\u00e4r Fortensia kan ha en central plats att k\u00e4nna tillh\u00f6righet till.<\/p>\n<p style=\"padding-bottom: 0px;\">Vi tror att erfarenhet \u00e4r en viktig del likv\u00e4l som den sociala beg\u00e5vningen. Att kunna skapa en trevlig atmosf\u00e4r omkring sig och f\u00f6rst\u00e5 vad kunden beh\u00f6ver. <\/p>\n<p style=\"padding-bottom: 0px;\">Fortensia har regelbundna tr\u00e4ffar med sina konsulter och f\u00f6ljer upp uppdrag, nya uppdragsm\u00f6jligheter, trivsel mm. Vi samordnar gemensamma konsulttr\u00e4ffar i n\u00e4tverket f\u00f6r att ha trevligt och byta erfarenheter.<\/p>\n","protected":false},"excerpt":{"rendered":"<p>V\u00e5r vision \u00e4r att skapa ett n\u00e4tverk av erfarna-, kompetenta- och sociala konsulter d\u00e4r Fortensia kan ha en central plats att k\u00e4nna tillh\u00f6righet till. Vi tror att erfarenhet \u00e4r en viktig del likv\u00e4l som den sociala beg\u00e5vningen. Att kunna skapa en trevlig atmosf\u00e4r omkring sig och f\u00f6rst\u00e5 vad kunden beh\u00f6ver. Fortensia har regelbundna tr\u00e4ffar med [&hellip;]<\/p>\n","protected":false},"author":1,"featured_media":0,"parent":0,"menu_order":0,"comment_status":"open","ping_status":"open","template":"video-template.php","meta":[],"_links":{"self":[{"href":"https:\/\/www.fortensia.se\/index.php?rest_route=\/wp\/v2\/pages\/51"}],"collection":[{"href":"https:\/\/www.fortensia.se\/index.php?rest_route=\/wp\/v2\/pages"}],"about":[{"href":"https:\/\/www.fortensia.se\/index.php?rest_route=\/wp\/v2\/types\/page"}],"author":[{"embeddable":true,"href":"https:\/\/www.fortensia.se\/index.php?rest_route=\/wp\/v2\/users\/1"}],"replies":[{"embeddable":true,"href":"https:\/\/www.fortensia.se\/index.php?rest_route=%2Fwp%2Fv2%2Fcomments&post=51"}],"version-history":[{"count":17,"href":"https:\/\/www.fortensia.se\/index.php?rest_route=\/wp\/v2\/pages\/51\/revisions"}],"predecessor-version":[{"id":164,"href":"https:\/\/www.fortensia.se\/index.php?rest_route=\/wp\/v2\/pages\/51\/revisions\/164"}],"wp:attachment":[{"href":"https:\/\/www.fortensia.se\/index.php?rest_route=%2Fwp%2Fv2%2Fmedia&parent=51"}],"curies":[{"name":"wp","href":"https:\/\/api.w.org\/{rel}","templated":true}]}}