{"id":6,"date":"2013-05-15T14:44:58","date_gmt":"2013-05-15T12:44:58","guid":{"rendered":"http:\/\/www.fortensia.screem.net\/?page_id=6"},"modified":"2022-05-17T08:52:57","modified_gmt":"2022-05-17T06:52:57","slug":"om","status":"publish","type":"page","link":"https:\/\/www.fortensia.se\/?page_id=6","title":{"rendered":"OM"},"content":{"rendered":"<p><strong>R\u00e4tt person p\u00e5 r\u00e4tt plats..<\/strong>.<\/p>\n<p>Fortensia hj\u00e4lper dig att, p\u00e5 ett enkelt s\u00e4tt, hitta den person du s\u00f6ker. Inte bara en kompetens som beskrivs p\u00e5 en CV utan en person med egenskaper och erfarenheter som \u00e4r n\u00f6dv\u00e4ndiga f\u00f6r att uppn\u00e5 \u00f6nskv\u00e4rt resultat.<\/p>\n<p>V\u00e5r grundtanke \u00e4r att f\u00f6rmedla konsulttj\u00e4nster fr\u00e5n ett flertal mindre specialistbolag med h\u00f6g kompetens inom IT, och Management.<\/p>\n<p>Via en kontaktv\u00e4g f\u00e5r v\u00e5ra kunder tillg\u00e5ng till ett stort leverant\u00f6rsn\u00e4tverk med kvalitativ kompetens.<\/p>\n<p>Vi arbetar n\u00e4ra v\u00e5ra kunder och samarbetsbolag f\u00f6r att leverera kompetenta konsulter som b\u00e5de \u00e4r tekniskt beg\u00e5vade och socialt kompetenta.<\/p>\n<p>Fortensia har l\u00e5ng erfarenhet inom branschen och kan d\u00e4rf\u00f6r snabbt f\u00f6rst\u00e5 kundens behov och erbjuda &#8221;r\u00e4tt person p\u00e5 r\u00e4tt plats&#8221;.<\/p>\n<p>Fortensia hj\u00e4lper kunden att utveckla sina aff\u00e4rer genom att erbjuda en stark konsultleverans med sikte mot framtiden<\/p>\n<p>FORTE =stark \u2013 SIA =se fram\u00e5t<\/p>\n","protected":false},"excerpt":{"rendered":"<p>R\u00e4tt person p\u00e5 r\u00e4tt plats&#8230; Fortensia hj\u00e4lper dig att, p\u00e5 ett enkelt s\u00e4tt, hitta den person du s\u00f6ker. Inte bara en kompetens som beskrivs p\u00e5 en CV utan en person med egenskaper och erfarenheter som \u00e4r n\u00f6dv\u00e4ndiga f\u00f6r att uppn\u00e5 \u00f6nskv\u00e4rt resultat. V\u00e5r grundtanke \u00e4r att f\u00f6rmedla konsulttj\u00e4nster fr\u00e5n ett flertal mindre specialistbolag med h\u00f6g [&hellip;]<\/p>\n","protected":false},"author":1,"featured_media":168,"parent":0,"menu_order":0,"comment_status":"open","ping_status":"open","template":"","meta":[],"_links":{"self":[{"href":"https:\/\/www.fortensia.se\/index.php?rest_route=\/wp\/v2\/pages\/6"}],"collection":[{"href":"https:\/\/www.fortensia.se\/index.php?rest_route=\/wp\/v2\/pages"}],"about":[{"href":"https:\/\/www.fortensia.se\/index.php?rest_route=\/wp\/v2\/types\/page"}],"author":[{"embeddable":true,"href":"https:\/\/www.fortensia.se\/index.php?rest_route=\/wp\/v2\/users\/1"}],"replies":[{"embeddable":true,"href":"https:\/\/www.fortensia.se\/index.php?rest_route=%2Fwp%2Fv2%2Fcomments&post=6"}],"version-history":[{"count":5,"href":"https:\/\/www.fortensia.se\/index.php?rest_route=\/wp\/v2\/pages\/6\/revisions"}],"predecessor-version":[{"id":169,"href":"https:\/\/www.fortensia.se\/index.php?rest_route=\/wp\/v2\/pages\/6\/revisions\/169"}],"wp:featuredmedia":[{"embeddable":true,"href":"https:\/\/www.fortensia.se\/index.php?rest_route=\/wp\/v2\/media\/168"}],"wp:attachment":[{"href":"https:\/\/www.fortensia.se\/index.php?rest_route=%2Fwp%2Fv2%2Fmedia&parent=6"}],"curies":[{"name":"wp","href":"https:\/\/api.w.org\/{rel}","templated":true}]}}